{"id":1333,"date":"2021-11-28T13:34:44","date_gmt":"2021-11-28T13:34:44","guid":{"rendered":"https:\/\/solcaravan.es\/contact\/"},"modified":"2026-01-18T18:46:36","modified_gmt":"2026-01-18T18:46:36","slug":"kapcsolat","status":"publish","type":"page","link":"https:\/\/solcaravan.es\/hu\/kapcsolat\/","title":{"rendered":"Kapcsolat"},"content":{"rendered":"<section class=\"l-section wpb_row height_medium color_primary with_img\"><div class=\"l-section-img\" role=\"img\" aria-label=\"K\u00e9p\" data-img-width=\"1200\" data-img-height=\"788\" style=\"background-image: url(https:\/\/solcaravan.es\/wp-content\/uploads\/2024\/10\/caravan.sun_.png);\"><\/div><div class=\"l-section-overlay\" style=\"background:rgba(0,0,0,0.45)\"><\/div><div class=\"l-section-h i-cf\"><div class=\"g-cols vc_row via_grid cols_1 laptops-cols_inherit tablets-cols_inherit mobiles-cols_1 valign_top type_default stacking_default\"><div class=\"wpb_column vc_column_container\"><div class=\"vc_column-inner\"><h1 class=\"w-text us_custom_1f257949\"><span class=\"w-text-h\"><span class=\"w-text-value\">Vedd fel vel\u00fcnk a kapcsolatot<\/span><\/span><\/h1><\/div><\/div><\/div><\/div><\/section><section class=\"l-section wpb_row height_custom\"><div class=\"l-section-h i-cf\"><div class=\"g-cols vc_row via_grid cols_2 laptops-cols_inherit tablets-cols_inherit mobiles-cols_1 valign_top type_default stacking_default\" style=\"--columns-gap:58px;\"><div class=\"wpb_column vc_column_container\"><div class=\"vc_column-inner\"><div class=\"w-iconbox iconpos_left style_circle color_primary align_left no_text\"><a href=\"mailto:info@solcaravan.es\" class=\"w-iconbox-link\" aria-label=\"info@solcaravan.es\"><div class=\"w-iconbox-icon\" style=\"font-size:22px;\"><i class=\"far fa-envelope\"><\/i><\/div><\/a><div class=\"w-iconbox-meta\"><h2 class=\"w-iconbox-title\"><a href=\"mailto:info@solcaravan.es\" class=\"w-iconbox-link\" aria-label=\"info@solcaravan.es\">info@solcaravan.es<\/a><\/h2><\/div><\/div><div class=\"w-separator size_small\"><\/div><div class=\"w-iconbox iconpos_left style_circle color_primary align_left no_text\"><a href=\"tel:+34613125653\" class=\"w-iconbox-link\" aria-label=\"+34 613 125 653\"><div class=\"w-iconbox-icon\" style=\"font-size:22px;\"><i class=\"far fa-phone\"><\/i><\/div><\/a><div class=\"w-iconbox-meta\"><h2 class=\"w-iconbox-title\"><a href=\"tel:+34613125653\" class=\"w-iconbox-link\" aria-label=\"+34 613 125 653\">+34 613 125 653<\/a><\/h2><\/div><\/div><div class=\"w-separator size_small\"><\/div><div class=\"w-iconbox iconpos_left style_circle color_primary align_left no_text\"><a href=\"https:\/\/maps.app.goo.gl\/9CrKqXmrmFsbXnYN7\" class=\"w-iconbox-link\" aria-label=\"Ctra. Carril de Guetara, 22, Churriana, 29004 M\u00e1laga\"><div class=\"w-iconbox-icon\" style=\"font-size:22px;\"><i class=\"far fa-map-marker-alt\"><\/i><\/div><\/a><div class=\"w-iconbox-meta\"><h2 class=\"w-iconbox-title\"><a href=\"https:\/\/maps.app.goo.gl\/9CrKqXmrmFsbXnYN7\" class=\"w-iconbox-link\" aria-label=\"Ctra. Carril de Guetara, 22, Churriana, 29004 M\u00e1laga\">Ctra. Carril de Guetara, 22, Churriana, 29004 M\u00e1laga<\/a><\/h2><\/div><\/div><\/div><\/div><div class=\"wpb_column vc_column_container\"><div class=\"vc_column-inner\"><div class=\"w-separator size_small\"><\/div><div class=\"w-html\"><p><iframe src=\"https:\/\/www.google.com\/maps\/embed?pb=!1m18!1m12!1m3!1d3200.004281074613!2d-4.4733375!3d36.6743981!2m3!1f0!2f0!3f0!3m2!1i1024!2i768!4f13.1!3m3!1m2!1s0xd72f9393bba8919:0x52b8f8e3f90b94ee!2sSol Caravan - Campervan Rental M\u00e1laga!5e0!3m2!1ses!2ses!4v1744231560586!5m2!1ses!2ses\" width=\"500\" height=\"300\" style=\"border:0;\" allowfullscreen=\"\" loading=\"lazy\" referrerpolicy=\"no-referrer-when-downgrade\"><\/iframe><\/p><\/div><\/div><\/div><\/div><\/div><\/section><section class=\"l-section wpb_row height_custom\"><div class=\"l-section-h i-cf\"><div class=\"g-cols vc_row via_grid cols_1 laptops-cols_inherit tablets-cols_inherit mobiles-cols_1 valign_top type_default stacking_default\"><div class=\"wpb_column vc_column_container\"><div class=\"vc_column-inner\"><section class=\"l-section wpb_row height_custom\" id=\"form\"><div class=\"l-section-h i-cf\"><div class=\"g-cols vc_row via_grid cols_2 laptops-cols_inherit tablets-cols_inherit mobiles-cols_1 valign_top type_default stacking_default\"><div class=\"wpb_column vc_column_container\"><div class=\"vc_column-inner\"><div class=\"wpb_text_column us_custom_47474b22 us_animate_this\"><div class=\"wpb_wrapper\"><h2><span style=\"font-weight: 400;\">Foglald le a <em><span style=\"color: var(--color-content-primary);\">Lak\u00f3aut\u00f3d<\/span><\/em> &amp;<br \/>Induljon a <em><span style=\"color: var(--color-content-primary);\">Kaland<\/span><\/em><\/span><\/h2>\n<\/div><\/div><div class=\"w-separator size_medium\"><\/div><div class=\"wpb_text_column\"><div class=\"wpb_wrapper\"><p data-start=\"132\" data-end=\"236\"> <strong data-start=\"132\" data-end=\"156\"><b><span style=\"color: var(--color-content-primary);\">1. V\u00e1lassza ki az utaz\u00e1s d\u00e1tum\u00e1t<\/span><\/b><\/strong> \u2013 k\u00e9rj\u00fck, vegye figyelembe, hogy a minim\u00e1lis b\u00e9rleti id\u0151 <strong data-start=\"225\" data-end=\"235\">3 nap<\/strong> (a furgont\u00f3l \u00e9s az \u00e9vszakt\u00f3l f\u00fcgg\u0151en).<\/p>\n<p data-start=\"238\" data-end=\"384\"><strong data-start=\"238\" data-end=\"264\"><b><span style=\"color: var(--color-content-primary);\">2.Adj hozz\u00e1 extra szolg\u00e1ltat\u00e1sokat.<\/span><\/b><\/strong> Most is kiv\u00e1laszthatod, de ak\u00e1r k\u00e9s\u0151bb is d\u00f6nthetsz r\u00f3luk.<\/p>\n<p data-start=\"386\" data-end=\"536\"><strong data-start=\"386\" data-end=\"412\"><b><span style=\"color: var(--color-content-primary);\">3.K\u00fcldd el foglal\u00e1si k\u00e9relmedet, minden k\u00f6telezetts\u00e9g n\u00e9lk\u00fcl.<\/span><\/b><\/strong> A lehet\u0151 leghamarabb v\u00e1laszolunk egy szem\u00e9lyre szabott \u00e1raj\u00e1nlattal.<\/p>\n<\/div><\/div><\/div><\/div><div class=\"wpb_column vc_column_container\"><div class=\"vc_column-inner\"><div class=\"w-html\">\n<div class=\"wpcf7 no-js\" id=\"wpcf7-f2608-o1\" lang=\"hu-HU\" dir=\"ltr\" data-wpcf7-id=\"2608\">\n<div class=\"screen-reader-response\"><p role=\"status\" aria-live=\"polite\" aria-atomic=\"true\"><\/p> <ul><\/ul><\/div>\n<form action=\"\/hu\/wp-json\/wp\/v2\/pages\/1333#wpcf7-f2608-o1\" method=\"post\" class=\"wpcf7-form init\" aria-label=\"Kapcsolatfelv\u00e9teli \u0171rlap\" novalidate=\"novalidate\" data-status=\"init\">\n<div style=\"display: none;\">\n<input type=\"hidden\" name=\"_wpcf7\" value=\"2608\" \/>\n<input type=\"hidden\" name=\"_wpcf7_version\" value=\"6.0.6\" \/>\n<input type=\"hidden\" name=\"_wpcf7_locale\" value=\"hu_HU\" \/>\n<input type=\"hidden\" name=\"_wpcf7_unit_tag\" value=\"wpcf7-f2608-o1\" \/>\n<input type=\"hidden\" name=\"_wpcf7_container_post\" value=\"0\" \/>\n<input type=\"hidden\" name=\"_wpcf7_posted_data_hash\" value=\"\" \/>\n<input type=\"hidden\" name=\"_wpcf7_recaptcha_response\" value=\"\" \/>\n<\/div>\n<div class=\"cf7-modern-form campervan-form\">\n\t<div class=\"form-row-flex\">\n\t\t<div class=\"form-col\">\n\t\t\t<p><span class=\"wpcf7-form-control-wrap\" data-name=\"your-name\"><input size=\"40\" maxlength=\"400\" class=\"wpcf7-form-control wpcf7-text wpcf7-validates-as-required\" aria-required=\"true\" aria-invalid=\"false\" placeholder=\"Neved (k\u00f6telez\u0151)\" value=\"\" type=\"text\" name=\"your-name\" \/><\/span>\n\t\t\t<\/p>\n\t\t<\/div>\n\t\t<div class=\"form-col\">\n\t\t\t<p><span class=\"wpcf7-form-control-wrap\" data-name=\"your-email\"><input size=\"40\" maxlength=\"400\" class=\"wpcf7-form-control wpcf7-email wpcf7-validates-as-required wpcf7-text wpcf7-validates-as-email\" aria-required=\"true\" aria-invalid=\"false\" placeholder=\"Email (k\u00f6telez\u0151)\" value=\"\" type=\"email\" name=\"your-email\" \/><\/span>\n\t\t\t<\/p>\n\t\t<\/div>\n\t<\/div>\n\t<div class=\"form-row\">\n\t\t<p><span class=\"wpcf7-form-control-wrap\" data-name=\"your-phone\"><input size=\"40\" maxlength=\"400\" class=\"wpcf7-form-control wpcf7-tel wpcf7-validates-as-required wpcf7-text wpcf7-validates-as-tel\" aria-required=\"true\" aria-invalid=\"false\" placeholder=\"Telefonsz\u00e1m (k\u00f6telez\u0151)\" value=\"\" type=\"tel\" name=\"your-phone\" \/><\/span>\n\t\t<\/p>\n\t<\/div>\n\t<div class=\"form-row-flex\">\n\t\t<div class=\"form-col\">\n\t\t\t<p><span style=\"font-size: 0.9em; color: #666; display: block; margin-bottom: 5px;\">Kezd\u0151 d\u00e1tum<\/span><br \/>\n<span class=\"wpcf7-form-control-wrap\" data-name=\"start-date\"><input class=\"wpcf7-form-control wpcf7-date wpcf7-validates-as-required wpcf7-validates-as-date\" aria-required=\"true\" aria-invalid=\"false\" placeholder=\"Kezd\u0151 d\u00e1tum\" value=\"\" type=\"date\" name=\"start-date\" \/><\/span>\n\t\t\t<\/p>\n\t\t<\/div>\n\t\t<div class=\"form-col\">\n\t\t\t<p><span style=\"font-size: 0.9em; color: #666; display: block; margin-bottom: 5px;\">V\u00e9gs\u0151 d\u00e1tum<\/span><br \/>\n<span class=\"wpcf7-form-control-wrap\" data-name=\"end-date\"><input class=\"wpcf7-form-control wpcf7-date wpcf7-validates-as-required wpcf7-validates-as-date\" aria-required=\"true\" aria-invalid=\"false\" placeholder=\"V\u00e9gs\u0151 d\u00e1tum\" value=\"\" type=\"date\" name=\"end-date\" \/><\/span>\n\t\t\t<\/p>\n\t\t<\/div>\n\t<\/div>\n\t<div class=\"form-row\">\n\t\t<p><span class=\"wpcf7-form-control-wrap\" data-name=\"van-choice\"><select class=\"wpcf7-form-control wpcf7-select wpcf7-validates-as-required\" aria-required=\"true\" aria-invalid=\"false\" name=\"van-choice\"><option value=\"\">V\u00e1lassz lak\u00f3aut\u00f3t<\/option><option value=\"Duncan545\">Duncan545<\/option><option value=\"Duncan500\">Duncan500<\/option><option value=\"Davis590\">Davis590<\/option><option value=\"Sunlight i68\">Sunlight i68<\/option><option value=\"Etrusco A7300DB\">Etrusco A7300DB<\/option><\/select><\/span>\n\t\t<\/p>\n\t<\/div>\n\t<div class=\"form-row\">\n\t\t<p style=\"margin-bottom: 8px; font-weight: 600; color: #333;\">El\u00e9rhet\u0151 extr\u00e1k\n\t\t<\/p>\n\t\t<div class=\"checkbox-group\">\n\t\t\t<p><span class=\"wpcf7-form-control-wrap\" data-name=\"extras\"><span class=\"wpcf7-form-control wpcf7-checkbox\"><span class=\"wpcf7-list-item first\"><label><input type=\"checkbox\" name=\"extras[]\" value=\"300 km-es csomag\" \/><span class=\"wpcf7-list-item-label\">300 km-es csomag<\/span><\/label><\/span><span class=\"wpcf7-list-item\"><label><input type=\"checkbox\" name=\"extras[]\" value=\"Korl\u00e1tlan kilom\u00e9ter\" \/><span class=\"wpcf7-list-item-label\">Korl\u00e1tlan kilom\u00e9ter<\/span><\/label><\/span><span class=\"wpcf7-list-item\"><label><input type=\"checkbox\" name=\"extras[]\" value=\"T\u00f6r\u00fclk\u00f6z\u0151 szett\" \/><span class=\"wpcf7-list-item-label\">T\u00f6r\u00fclk\u00f6z\u0151 szett<\/span><\/label><\/span><span class=\"wpcf7-list-item\"><label><input type=\"checkbox\" name=\"extras[]\" value=\"\u00c1gynem\u0171 szett\" \/><span class=\"wpcf7-list-item-label\">\u00c1gynem\u0171 szett<\/span><\/label><\/span><span class=\"wpcf7-list-item\"><label><input type=\"checkbox\" name=\"extras[]\" value=\"Konyhai szett\" \/><span class=\"wpcf7-list-item-label\">Konyhai szett<\/span><\/label><\/span><span class=\"wpcf7-list-item\"><label><input type=\"checkbox\" name=\"extras[]\" value=\"Gyermek\u00fcl\u00e9s\" \/><span class=\"wpcf7-list-item-label\">Gyermek\u00fcl\u00e9s<\/span><\/label><\/span><span class=\"wpcf7-list-item\"><label><input type=\"checkbox\" name=\"extras[]\" value=\"Ker\u00e9kp\u00e1rtart\u00f3\" \/><span class=\"wpcf7-list-item-label\">Ker\u00e9kp\u00e1rtart\u00f3<\/span><\/label><\/span><span class=\"wpcf7-list-item\"><label><input type=\"checkbox\" name=\"extras[]\" value=\"E-ker\u00e9kp\u00e1r\" \/><span class=\"wpcf7-list-item-label\">E-ker\u00e9kp\u00e1r<\/span><\/label><\/span><span class=\"wpcf7-list-item\"><label><input type=\"checkbox\" name=\"extras[]\" value=\"Ker\u00e9kp\u00e1r\" \/><span class=\"wpcf7-list-item-label\">Ker\u00e9kp\u00e1r<\/span><\/label><\/span><span class=\"wpcf7-list-item\"><label><input type=\"checkbox\" name=\"extras[]\" value=\"SUP\" \/><span class=\"wpcf7-list-item-label\">SUP<\/span><\/label><\/span><span class=\"wpcf7-list-item\"><label><input type=\"checkbox\" name=\"extras[]\" value=\"Kemping szett\" \/><span class=\"wpcf7-list-item-label\">Kemping szett<\/span><\/label><\/span><span class=\"wpcf7-list-item\"><label><input type=\"checkbox\" name=\"extras[]\" value=\"Kis\u00e1llat d\u00edj\" \/><span class=\"wpcf7-list-item-label\">Kis\u00e1llat d\u00edj<\/span><\/label><\/span><span class=\"wpcf7-list-item\"><label><input type=\"checkbox\" name=\"extras[]\" value=\"Strand csomag\" \/><span class=\"wpcf7-list-item-label\">Strand csomag<\/span><\/label><\/span><span class=\"wpcf7-list-item\"><label><input type=\"checkbox\" name=\"extras[]\" value=\"T\u00fara csomag\" \/><span class=\"wpcf7-list-item-label\">T\u00fara csomag<\/span><\/label><\/span><span class=\"wpcf7-list-item last\"><label><input type=\"checkbox\" name=\"extras[]\" value=\"Pr\u00e9mium biztos\u00edt\u00e1si csomag\" \/><span class=\"wpcf7-list-item-label\">Pr\u00e9mium biztos\u00edt\u00e1si csomag<\/span><\/label><\/span><\/span><\/span>\n\t\t\t<\/p>\n\t\t<\/div>\n\t<\/div>\n\t<div class=\"form-row\">\n\t\t<p><span class=\"wpcf7-form-control-wrap\" data-name=\"your-message\"><textarea cols=\"40\" rows=\"4\" maxlength=\"2000\" class=\"wpcf7-form-control wpcf7-textarea\" aria-invalid=\"false\" placeholder=\"Tov\u00e1bbi r\u00e9szletek \/ K\u00fcl\u00f6nleges k\u00e9r\u00e9sek\" name=\"your-message\"><\/textarea><\/span>\n\t\t<\/p>\n\t<\/div>\n\t<div class=\"form-row acceptance-row\">\n\t\t<p><span class=\"wpcf7-form-control-wrap\" data-name=\"acceptance-terms\"><span class=\"wpcf7-form-control wpcf7-acceptance\"><span class=\"wpcf7-list-item\"><label><input type=\"checkbox\" name=\"acceptance-terms\" value=\"1\" aria-invalid=\"false\" \/><span class=\"wpcf7-list-item-label\">A jel\u00f6l\u0151n\u00e9gyzet bejel\u00f6l\u00e9s\u00e9vel hozz\u00e1j\u00e1rulok ahhoz, hogy az \u00e1ltalam megadott adatokat marketing c\u00e9lokra felhaszn\u00e1lj\u00e1k.<\/span><\/label><\/span><\/span><\/span>\n\t\t<\/p>\n\t<\/div>\n\t<div class=\"form-row\">\n\t\t<p><input class=\"wpcf7-form-control wpcf7-submit has-spinner\" type=\"submit\" value=\"Aj\u00e1nlatot k\u00e9rek\" \/>\n\t\t<\/p>\n\t<\/div>\n<\/div><input type='hidden' class='wpcf7-pum' value='{\"closepopup\":false,\"closedelay\":0,\"openpopup\":false,\"openpopup_id\":0}' \/><div class=\"wpcf7-response-output\" aria-hidden=\"true\"><\/div>\n<\/form>\n<\/div>\n<\/div><div class=\"w-html\"><script>document.addEventListener( 'wpcf7mailsent', function( event ) {\n    location = '\/hu\/koszonjuk\/';\n}, false );\n<\/script><\/div><\/div><\/div><\/div><\/div><\/section>\n<\/div><\/div><\/div><\/div><\/section>\n","protected":false},"excerpt":{"rendered":"","protected":false},"author":1,"featured_media":0,"parent":0,"menu_order":0,"comment_status":"closed","ping_status":"closed","template":"","meta":{"content-type":"","footnotes":""},"class_list":["post-1333","page","type-page","status-publish","hentry"],"yoast_head":"<!-- This site is optimized with the Yoast SEO plugin v25.4 - https:\/\/yoast.com\/wordpress\/plugins\/seo\/ -->\n<title>Kapcsolat \u2013 Sol Caravan Lak\u00f3aut\u00f3 B\u00e9rl\u00e9s | M\u00e1laga, Costa del Sol<\/title>\n<meta name=\"description\" content=\"Vedd fel vel\u00fcnk a kapcsolatot lak\u00f3aut\u00f3 b\u00e9rl\u00e9s \u00fcgy\u00e9ben. K\u00e9rd\u00e9sek, foglal\u00e1sok \u00e9s utaz\u00e1si inform\u00e1ci\u00f3k itt! M\u00e1laga, Costa del Sol.\" \/>\n<meta name=\"robots\" content=\"index, follow, max-snippet:-1, max-image-preview:large, max-video-preview:-1\" \/>\n<link rel=\"canonical\" href=\"https:\/\/solcaravan.es\/hu\/kapcsolat\/\" \/>\n<meta property=\"og:locale\" content=\"hu_HU\" \/>\n<meta property=\"og:type\" content=\"article\" \/>\n<meta property=\"og:title\" content=\"Kapcsolat \u2013 Sol Caravan Lak\u00f3aut\u00f3 B\u00e9rl\u00e9s | M\u00e1laga, Costa del Sol\" \/>\n<meta property=\"og:description\" content=\"Vedd fel vel\u00fcnk a kapcsolatot lak\u00f3aut\u00f3 b\u00e9rl\u00e9s \u00fcgy\u00e9ben. K\u00e9rd\u00e9sek, foglal\u00e1sok \u00e9s utaz\u00e1si inform\u00e1ci\u00f3k itt! M\u00e1laga, Costa del Sol.\" \/>\n<meta property=\"og:url\" content=\"https:\/\/solcaravan.es\/hu\/kapcsolat\/\" \/>\n<meta property=\"og:site_name\" content=\"solcaravan.es\" \/>\n<meta property=\"article:publisher\" content=\"https:\/\/www.facebook.com\/costadelsolcaravan\" \/>\n<meta property=\"article:modified_time\" content=\"2026-01-18T18:46:36+00:00\" \/>\n<meta name=\"twitter:card\" content=\"summary_large_image\" \/>\n<meta name=\"twitter:label1\" content=\"Becs\u00fclt olvas\u00e1si id\u0151\" \/>\n\t<meta name=\"twitter:data1\" content=\"1 perc\" \/>\n<script type=\"application\/ld+json\" class=\"yoast-schema-graph\">{\"@context\":\"https:\/\/schema.org\",\"@graph\":[{\"@type\":\"WebPage\",\"@id\":\"https:\/\/solcaravan.es\/hu\/kapcsolat\/\",\"url\":\"https:\/\/solcaravan.es\/hu\/kapcsolat\/\",\"name\":\"Kapcsolat \u2013 Sol Caravan Lak\u00f3aut\u00f3 B\u00e9rl\u00e9s | M\u00e1laga, Costa del Sol\",\"isPartOf\":{\"@id\":\"https:\/\/solcaravan.es\/hu\/#website\"},\"datePublished\":\"2021-11-28T13:34:44+00:00\",\"dateModified\":\"2026-01-18T18:46:36+00:00\",\"description\":\"Vedd fel vel\u00fcnk a kapcsolatot lak\u00f3aut\u00f3 b\u00e9rl\u00e9s \u00fcgy\u00e9ben. K\u00e9rd\u00e9sek, foglal\u00e1sok \u00e9s utaz\u00e1si inform\u00e1ci\u00f3k itt! M\u00e1laga, Costa del Sol.\",\"breadcrumb\":{\"@id\":\"https:\/\/solcaravan.es\/hu\/kapcsolat\/#breadcrumb\"},\"inLanguage\":\"hu\",\"potentialAction\":[{\"@type\":\"ReadAction\",\"target\":[\"https:\/\/solcaravan.es\/hu\/kapcsolat\/\"]}]},{\"@type\":\"BreadcrumbList\",\"@id\":\"https:\/\/solcaravan.es\/hu\/kapcsolat\/#breadcrumb\",\"itemListElement\":[{\"@type\":\"ListItem\",\"position\":1,\"name\":\"Home\",\"item\":\"https:\/\/solcaravan.es\/hu\/\"},{\"@type\":\"ListItem\",\"position\":2,\"name\":\"Kapcsolat\"}]},{\"@type\":\"WebSite\",\"@id\":\"https:\/\/solcaravan.es\/hu\/#website\",\"url\":\"https:\/\/solcaravan.es\/hu\/\",\"name\":\"solcaravan.es\",\"description\":\"\",\"publisher\":{\"@id\":\"https:\/\/solcaravan.es\/hu\/#organization\"},\"potentialAction\":[{\"@type\":\"SearchAction\",\"target\":{\"@type\":\"EntryPoint\",\"urlTemplate\":\"https:\/\/solcaravan.es\/hu\/?s={search_term_string}\"},\"query-input\":{\"@type\":\"PropertyValueSpecification\",\"valueRequired\":true,\"valueName\":\"search_term_string\"}}],\"inLanguage\":\"hu\"},{\"@type\":\"Organization\",\"@id\":\"https:\/\/solcaravan.es\/hu\/#organization\",\"name\":\"Sol Caravan - Campervan Rental M\u00e1laga\",\"url\":\"https:\/\/solcaravan.es\/hu\/\",\"logo\":{\"@type\":\"ImageObject\",\"inLanguage\":\"hu\",\"@id\":\"https:\/\/solcaravan.es\/hu\/#\/schema\/logo\/image\/\",\"url\":\"https:\/\/solcaravan.es\/wp-content\/uploads\/2024\/10\/SOLCaravan-2.png\",\"contentUrl\":\"https:\/\/solcaravan.es\/wp-content\/uploads\/2024\/10\/SOLCaravan-2.png\",\"width\":500,\"height\":500,\"caption\":\"Sol Caravan - Campervan Rental M\u00e1laga\"},\"image\":{\"@id\":\"https:\/\/solcaravan.es\/hu\/#\/schema\/logo\/image\/\"},\"sameAs\":[\"https:\/\/www.facebook.com\/costadelsolcaravan\",\"https:\/\/www.instagram.com\/solcaravan\",\"https:\/\/www.tiktok.com\/@solcaravan.malaga\"]}]}<\/script>\n<!-- \/ Yoast SEO plugin. -->","yoast_head_json":{"title":"Kapcsolat \u2013 Sol Caravan Lak\u00f3aut\u00f3 B\u00e9rl\u00e9s | M\u00e1laga, Costa del Sol","description":"Vedd fel vel\u00fcnk a kapcsolatot lak\u00f3aut\u00f3 b\u00e9rl\u00e9s \u00fcgy\u00e9ben. K\u00e9rd\u00e9sek, foglal\u00e1sok \u00e9s utaz\u00e1si inform\u00e1ci\u00f3k itt! M\u00e1laga, Costa del Sol.","robots":{"index":"index","follow":"follow","max-snippet":"max-snippet:-1","max-image-preview":"max-image-preview:large","max-video-preview":"max-video-preview:-1"},"canonical":"https:\/\/solcaravan.es\/hu\/kapcsolat\/","og_locale":"hu_HU","og_type":"article","og_title":"Kapcsolat \u2013 Sol Caravan Lak\u00f3aut\u00f3 B\u00e9rl\u00e9s | M\u00e1laga, Costa del Sol","og_description":"Vedd fel vel\u00fcnk a kapcsolatot lak\u00f3aut\u00f3 b\u00e9rl\u00e9s \u00fcgy\u00e9ben. K\u00e9rd\u00e9sek, foglal\u00e1sok \u00e9s utaz\u00e1si inform\u00e1ci\u00f3k itt! M\u00e1laga, Costa del Sol.","og_url":"https:\/\/solcaravan.es\/hu\/kapcsolat\/","og_site_name":"solcaravan.es","article_publisher":"https:\/\/www.facebook.com\/costadelsolcaravan","article_modified_time":"2026-01-18T18:46:36+00:00","twitter_card":"summary_large_image","twitter_misc":{"Becs\u00fclt olvas\u00e1si id\u0151":"1 perc"},"schema":{"@context":"https:\/\/schema.org","@graph":[{"@type":"WebPage","@id":"https:\/\/solcaravan.es\/hu\/kapcsolat\/","url":"https:\/\/solcaravan.es\/hu\/kapcsolat\/","name":"Kapcsolat \u2013 Sol Caravan Lak\u00f3aut\u00f3 B\u00e9rl\u00e9s | M\u00e1laga, Costa del Sol","isPartOf":{"@id":"https:\/\/solcaravan.es\/hu\/#website"},"datePublished":"2021-11-28T13:34:44+00:00","dateModified":"2026-01-18T18:46:36+00:00","description":"Vedd fel vel\u00fcnk a kapcsolatot lak\u00f3aut\u00f3 b\u00e9rl\u00e9s \u00fcgy\u00e9ben. K\u00e9rd\u00e9sek, foglal\u00e1sok \u00e9s utaz\u00e1si inform\u00e1ci\u00f3k itt! M\u00e1laga, Costa del Sol.","breadcrumb":{"@id":"https:\/\/solcaravan.es\/hu\/kapcsolat\/#breadcrumb"},"inLanguage":"hu","potentialAction":[{"@type":"ReadAction","target":["https:\/\/solcaravan.es\/hu\/kapcsolat\/"]}]},{"@type":"BreadcrumbList","@id":"https:\/\/solcaravan.es\/hu\/kapcsolat\/#breadcrumb","itemListElement":[{"@type":"ListItem","position":1,"name":"Home","item":"https:\/\/solcaravan.es\/hu\/"},{"@type":"ListItem","position":2,"name":"Kapcsolat"}]},{"@type":"WebSite","@id":"https:\/\/solcaravan.es\/hu\/#website","url":"https:\/\/solcaravan.es\/hu\/","name":"solcaravan.es","description":"","publisher":{"@id":"https:\/\/solcaravan.es\/hu\/#organization"},"potentialAction":[{"@type":"SearchAction","target":{"@type":"EntryPoint","urlTemplate":"https:\/\/solcaravan.es\/hu\/?s={search_term_string}"},"query-input":{"@type":"PropertyValueSpecification","valueRequired":true,"valueName":"search_term_string"}}],"inLanguage":"hu"},{"@type":"Organization","@id":"https:\/\/solcaravan.es\/hu\/#organization","name":"Sol Caravan - Campervan Rental M\u00e1laga","url":"https:\/\/solcaravan.es\/hu\/","logo":{"@type":"ImageObject","inLanguage":"hu","@id":"https:\/\/solcaravan.es\/hu\/#\/schema\/logo\/image\/","url":"https:\/\/solcaravan.es\/wp-content\/uploads\/2024\/10\/SOLCaravan-2.png","contentUrl":"https:\/\/solcaravan.es\/wp-content\/uploads\/2024\/10\/SOLCaravan-2.png","width":500,"height":500,"caption":"Sol Caravan - Campervan Rental M\u00e1laga"},"image":{"@id":"https:\/\/solcaravan.es\/hu\/#\/schema\/logo\/image\/"},"sameAs":["https:\/\/www.facebook.com\/costadelsolcaravan","https:\/\/www.instagram.com\/solcaravan","https:\/\/www.tiktok.com\/@solcaravan.malaga"]}]}},"_links":{"self":[{"href":"https:\/\/solcaravan.es\/hu\/wp-json\/wp\/v2\/pages\/1333"}],"collection":[{"href":"https:\/\/solcaravan.es\/hu\/wp-json\/wp\/v2\/pages"}],"about":[{"href":"https:\/\/solcaravan.es\/hu\/wp-json\/wp\/v2\/types\/page"}],"author":[{"embeddable":true,"href":"https:\/\/solcaravan.es\/hu\/wp-json\/wp\/v2\/users\/1"}],"replies":[{"embeddable":true,"href":"https:\/\/solcaravan.es\/hu\/wp-json\/wp\/v2\/comments?post=1333"}],"version-history":[{"count":18,"href":"https:\/\/solcaravan.es\/hu\/wp-json\/wp\/v2\/pages\/1333\/revisions"}],"predecessor-version":[{"id":2618,"href":"https:\/\/solcaravan.es\/hu\/wp-json\/wp\/v2\/pages\/1333\/revisions\/2618"}],"wp:attachment":[{"href":"https:\/\/solcaravan.es\/hu\/wp-json\/wp\/v2\/media?parent=1333"}],"curies":[{"name":"wp","href":"https:\/\/api.w.org\/{rel}","templated":true}]}}