{"id":1329,"date":"2021-11-28T13:36:34","date_gmt":"2021-11-28T13:36:34","guid":{"rendered":"https:\/\/solcaravan.es\/blog\/"},"modified":"2025-06-15T13:17:20","modified_gmt":"2025-06-15T13:17:20","slug":"blog","status":"publish","type":"page","link":"https:\/\/solcaravan.es\/hu\/blog\/","title":{"rendered":"Blog"},"content":{"rendered":"<section class=\"l-section wpb_row height_custom\"><div class=\"l-section-h i-cf\"><div class=\"g-cols vc_row via_grid cols_1 laptops-cols_inherit tablets-cols_inherit mobiles-cols_1 valign_top type_default stacking_default\"><div class=\"wpb_column vc_column_container\"><div class=\"vc_column-inner\"><div class=\"w-separator us_custom_149f8bc0 us_animate_this size_medium\"><\/div><h1 class=\"w-text us_custom_3a518cd2\"><span class=\"w-text-h\"><span class=\"w-text-value\">Hasznos cikkek<\/span><\/span><\/h1><div class=\"w-grid us_post_list us_custom_f0960ec5 type_grid layout_609 cols_3 preload_style_spinner with_css_animation\" id=\"us_post_list_o3d3\" style=\"--columns:3;--gap:2rem;\"><style>@media (max-width:1024px){#us_post_list_o3d3{--columns:2!important}}@media (max-width:600px){#us_post_list_o3d3{--columns:1!important}}.layout_609 .w-grid-item-h{}.layout_609 .usg_post_title_1{font-family:var(--h1-font-family)!important;font-weight:500!important;font-size:30px!important;line-height:1.2!important;margin-top:30px!important}.layout_609 .usg_post_content_1{margin-top:30px!important}.layout_609 .usg_btn_1{margin-top:40px!important}<\/style><div class=\"w-grid-list\">\t<article class=\"w-grid-item us_animate_afl size_1x1 post-1337 post type-post status-publish format-standard has-post-thumbnail hentry category-uncategorized-hu\" data-id=\"1337\" style=\"animation-delay:0s\">\r\n\t\t<div class=\"w-grid-item-h\">\r\n\t\t\t\t\t\t<div class=\"w-post-elm post_image usg_post_image_1 has_ratio\"><a href=\"https:\/\/solcaravan.es\/hu\/szabalyok-korlatozasok-lakoautos-utazashoz-spanyolorszagban\/\" aria-label=\"Lak\u00f3aut\u00f3kra vonatkoz\u00f3 szab\u00e1lyok Spanyolorsz\u00e1gban (2026-os friss\u00edt\u00e9s): parkol\u00e1s, 24 \u00f3r\u00e1s korl\u00e1toz\u00e1sok \u00e9s \u00e9jszakai tart\u00f3zkod\u00e1s magyar\u00e1zata\"><img loading=\"lazy\" decoding=\"async\" width=\"1024\" height=\"672\" src=\"https:\/\/solcaravan.es\/wp-content\/uploads\/2024\/11\/parking.regulation.van_-1024x672.png\" class=\"attachment-large size-large wp-post-image\" alt=\"\" \/><\/a><div style=\"padding-bottom:42.8571%\"><\/div><\/div><h3 class=\"w-post-elm post_title usg_post_title_1 entry-title color_link_inherit\"><a href=\"https:\/\/solcaravan.es\/hu\/szabalyok-korlatozasok-lakoautos-utazashoz-spanyolorszagban\/\">Lak\u00f3aut\u00f3kra vonatkoz\u00f3 szab\u00e1lyok Spanyolorsz\u00e1gban (2026-os friss\u00edt\u00e9s): parkol\u00e1s, 24 \u00f3r\u00e1s korl\u00e1toz\u00e1sok \u00e9s \u00e9jszakai tart\u00f3zkod\u00e1s magyar\u00e1zata<\/a><\/h3><div class=\"w-post-elm post_content usg_post_content_1\">Spanyolorsz\u00e1got lak\u00f3aut\u00f3val felfedezni tov\u00e1bbra is az egyik legjobb m\u00f3dja az orsz\u00e1g megismer\u00e9s\u00e9nek. 2026-ban azonban a hat\u00f3s\u00e1gi ellen\u0151rz\u00e9sek sok ter\u00fcleten \u2013 k\u00fcl\u00f6n\u00f6sen a tengerpartokon \u2013 szigor\u00fabb\u00e1 v\u00e1ltak.&hellip;<\/div><a class=\"w-btn us-btn-style_21 usg_btn_1\" href=\"https:\/\/solcaravan.es\/hu\/szabalyok-korlatozasok-lakoautos-utazashoz-spanyolorszagban\/\"><span class=\"w-btn-label\">Read more<\/span><\/a>\t\t<\/div>\r\n\t\t\t<\/article>\r\n\t<article class=\"w-grid-item us_animate_afl size_1x1 post-1339 post type-post status-publish format-standard has-post-thumbnail hentry category-uncategorized-hu\" data-id=\"1339\" style=\"animation-delay:0.1s\">\r\n\t\t<div class=\"w-grid-item-h\">\r\n\t\t\t\t\t\t<div class=\"w-post-elm post_image usg_post_image_1 has_ratio\"><a href=\"https:\/\/solcaravan.es\/hu\/why-renting-a-campervan\/\" aria-label=\"Mi\u00e9rt a lak\u00f3aut\u00f3s \u00fat a legjobb m\u00f3dja a felfedez\u00e9snek?\"><img loading=\"lazy\" decoding=\"async\" width=\"1024\" height=\"672\" src=\"https:\/\/solcaravan.es\/wp-content\/uploads\/2024\/10\/breakfastbythebeach2-1024x672.png\" class=\"attachment-large size-large wp-post-image\" alt=\"\" \/><\/a><div style=\"padding-bottom:42.8571%\"><\/div><\/div><h3 class=\"w-post-elm post_title usg_post_title_1 entry-title color_link_inherit\"><a href=\"https:\/\/solcaravan.es\/hu\/why-renting-a-campervan\/\">Mi\u00e9rt a lak\u00f3aut\u00f3s \u00fat a legjobb m\u00f3dja a felfedez\u00e9snek?<\/a><\/h3><div class=\"w-post-elm post_content usg_post_content_1\">A Costa del Sol Spanyolorsz\u00e1g egyik legikonikusabb \u00fati c\u00e9lja, amely v\u00e9gtelen naps\u00fct\u00e9s\u00e9r\u0151l, gy\u00f6ny\u00f6r\u0171 strandjair\u00f3l \u00e9s gazdag kultur\u00e1lis \u00e9lm\u00e9nyeir\u0151l h\u00edres. De ahhoz, hogy igaz\u00e1n felfedezd ezt a&hellip;<\/div><a class=\"w-btn us-btn-style_21 usg_btn_1\" href=\"https:\/\/solcaravan.es\/hu\/why-renting-a-campervan\/\"><span class=\"w-btn-label\">Read more<\/span><\/a>\t\t<\/div>\r\n\t\t\t<\/article>\r\n<\/div><div class=\"g-loadmore hidden\"><div class=\"g-preloader type_1\"><div><\/div><\/div><\/div><div class=\"w-grid-list-json hidden\" onclick='return {&quot;max_num_pages&quot;:0,&quot;paginationBase&quot;:&quot;page&quot;,&quot;pagination&quot;:&quot;none&quot;,&quot;paged&quot;:1,&quot;ajaxData&quot;:{&quot;action&quot;:&quot;us_ajax_post_list&quot;,&quot;meta_type&quot;:&quot;post&quot;,&quot;object_id&quot;:0,&quot;template_vars&quot;:{&quot;shortcode_base&quot;:&quot;us_post_list&quot;,&quot;paged&quot;:1,&quot;max_num_pages&quot;:0,&quot;no_results&quot;:false,&quot;us_post_content_design_css&quot;:[],&quot;found_posts&quot;:0,&quot;items_count&quot;:2,&quot;source&quot;:&quot;all&quot;,&quot;ids&quot;:&quot;&quot;,&quot;post_type&quot;:&quot;post&quot;,&quot;attachment_ids&quot;:null,&quot;include_post_thumbnail&quot;:0,&quot;post_author&quot;:&quot;any&quot;,&quot;post_author_ids&quot;:&quot;&quot;,&quot;apply_url_params&quot;:0,&quot;exclude_children&quot;:0,&quot;exclude_current_post&quot;:1,&quot;exclude_prev_posts&quot;:0,&quot;enable_items_offset&quot;:0,&quot;items_offset&quot;:&quot;1&quot;,&quot;tax_query_relation&quot;:&quot;none&quot;,&quot;tax_query&quot;:[{&quot;operator&quot;:&quot;IN&quot;,&quot;taxonomy&quot;:&quot;category&quot;,&quot;terms&quot;:&quot;&quot;,&quot;include_children&quot;:0}],&quot;meta_query_relation&quot;:&quot;none&quot;,&quot;meta_query&quot;:[{&quot;key&quot;:&quot;custom_field_name&quot;,&quot;compare&quot;:&quot;=&quot;,&quot;value&quot;:&quot;&quot;}],&quot;orderby&quot;:&quot;date&quot;,&quot;orderby_custom_field&quot;:&quot;&quot;,&quot;orderby_custom_type&quot;:0,&quot;order_invert&quot;:&quot;1&quot;,&quot;show_all&quot;:0,&quot;quantity&quot;:&quot;10&quot;,&quot;posts_per_archive_page&quot;:0,&quot;no_items_action&quot;:&quot;message&quot;,&quot;no_items_message&quot;:&quot;Nincs ilyen adat.&quot;,&quot;no_items_page_block&quot;:&quot;&quot;,&quot;pagination&quot;:&quot;none&quot;,&quot;pagination_style&quot;:&quot;&quot;,&quot;pagination_btn_text&quot;:&quot;Load More&quot;,&quot;pagination_btn_size&quot;:&quot;&quot;,&quot;pagination_btn_style&quot;:&quot;1&quot;,&quot;pagination_btn_fullwidth&quot;:0,&quot;items_layout&quot;:&quot;609&quot;,&quot;type&quot;:&quot;grid&quot;,&quot;items_valign&quot;:0,&quot;ignore_items_size&quot;:0,&quot;columns&quot;:&quot;3&quot;,&quot;items_gap&quot;:&quot;2rem&quot;,&quot;load_animation&quot;:&quot;afl&quot;,&quot;items_preload_style&quot;:&quot;spinner&quot;,&quot;img_size&quot;:&quot;default&quot;,&quot;title_size&quot;:&quot;&quot;,&quot;items_ratio&quot;:&quot;default&quot;,&quot;items_ratio_width&quot;:&quot;21&quot;,&quot;items_ratio_height&quot;:&quot;9&quot;,&quot;overriding_link&quot;:&quot;{\\&quot;url\\&quot;:\\&quot;\\&quot;}&quot;,&quot;popup_page_template&quot;:&quot;0&quot;,&quot;popup_width&quot;:&quot;&quot;,&quot;popup_arrows&quot;:1,&quot;breakpoint_1_width&quot;:&quot;1381px&quot;,&quot;breakpoint_1_cols&quot;:&quot;default&quot;,&quot;breakpoint_1_quantity&quot;:&quot;&quot;,&quot;breakpoint_1_gap&quot;:&quot;&quot;,&quot;breakpoint_2_width&quot;:&quot;1025px&quot;,&quot;breakpoint_2_cols&quot;:&quot;2&quot;,&quot;breakpoint_2_quantity&quot;:&quot;&quot;,&quot;breakpoint_2_gap&quot;:&quot;&quot;,&quot;breakpoint_3_width&quot;:&quot;601px&quot;,&quot;breakpoint_3_cols&quot;:&quot;1&quot;,&quot;breakpoint_3_quantity&quot;:&quot;&quot;,&quot;breakpoint_3_gap&quot;:&quot;&quot;,&quot;conditions_operator&quot;:&quot;always&quot;,&quot;conditions&quot;:[],&quot;css&quot;:&quot;%7B%22default%22%3A%7B%22margin-top%22%3A%223rem%22%7D%2C%22laptops%22%3A%7B%22margin-top%22%3A%221rem%22%7D%2C%22tablets%22%3A%7B%22margin-top%22%3A%221rem%22%7D%2C%22mobiles%22%3A%7B%22margin-top%22%3A%223rem%22%7D%7D&quot;,&quot;el_class&quot;:&quot;&quot;,&quot;el_id&quot;:&quot;&quot;,&quot;enable_custom_html_atts&quot;:0,&quot;custom_html_atts&quot;:null,&quot;hide_on_states&quot;:&quot;&quot;,&quot;hide_for_sticky&quot;:0,&quot;hide_for_not_sticky&quot;:0,&quot;hide_below&quot;:&quot;0px&quot;,&quot;hide_above&quot;:&quot;0px&quot;,&quot;classes&quot;:&quot; us_custom_f0960ec5&quot;,&quot;design_css_class&quot;:&quot;us_custom_f0960ec5&quot;}},&quot;facetedFilter&quot;:[]}'><\/div><\/div><\/div><\/div><\/div><\/div><\/section>\n","protected":false},"excerpt":{"rendered":"","protected":false},"author":1,"featured_media":0,"parent":0,"menu_order":0,"comment_status":"closed","ping_status":"closed","template":"","meta":{"content-type":"","footnotes":""},"class_list":["post-1329","page","type-page","status-publish","hentry"],"yoast_head":"<!-- This site is optimized with the Yoast SEO plugin v25.4 - https:\/\/yoast.com\/wordpress\/plugins\/seo\/ -->\n<title>Lak\u00f3aut\u00f3s utaz\u00e1si tippek \u00e9s \u00fatvonalak | Sol Caravan Blog<\/title>\n<meta name=\"description\" content=\"Mer\u00edts \u00f6tletet a k\u00f6vetkez\u0151 utadhoz Olvasd el leg\u00fajabb lak\u00f3aut\u00f3s utaz\u00e1si tippjeinket, \u00fatvonal aj\u00e1nl\u00e1sainkat \u00e9s inspir\u00e1ci\u00f3s blogcikkeinket, hogy a legt\u00f6bbet hozd ki az utadb\u00f3l!\" \/>\n<meta name=\"robots\" content=\"index, follow, max-snippet:-1, max-image-preview:large, max-video-preview:-1\" \/>\n<link rel=\"canonical\" href=\"https:\/\/solcaravan.es\/hu\/blog\/\" \/>\n<meta property=\"og:locale\" content=\"hu_HU\" \/>\n<meta property=\"og:type\" content=\"article\" \/>\n<meta property=\"og:title\" content=\"Lak\u00f3aut\u00f3s utaz\u00e1si tippek \u00e9s \u00fatvonalak | Sol Caravan Blog\" \/>\n<meta property=\"og:description\" content=\"Mer\u00edts \u00f6tletet a k\u00f6vetkez\u0151 utadhoz Olvasd el leg\u00fajabb lak\u00f3aut\u00f3s utaz\u00e1si tippjeinket, \u00fatvonal aj\u00e1nl\u00e1sainkat \u00e9s inspir\u00e1ci\u00f3s blogcikkeinket, hogy a legt\u00f6bbet hozd ki az utadb\u00f3l!\" \/>\n<meta property=\"og:url\" content=\"https:\/\/solcaravan.es\/hu\/blog\/\" \/>\n<meta property=\"og:site_name\" content=\"solcaravan.es\" \/>\n<meta property=\"article:publisher\" content=\"https:\/\/www.facebook.com\/costadelsolcaravan\" \/>\n<meta property=\"article:modified_time\" content=\"2025-06-15T13:17:20+00:00\" \/>\n<meta name=\"twitter:card\" content=\"summary_large_image\" \/>\n<meta name=\"twitter:label1\" content=\"Becs\u00fclt olvas\u00e1si id\u0151\" \/>\n\t<meta name=\"twitter:data1\" content=\"1 perc\" \/>\n<script type=\"application\/ld+json\" class=\"yoast-schema-graph\">{\"@context\":\"https:\/\/schema.org\",\"@graph\":[{\"@type\":\"WebPage\",\"@id\":\"https:\/\/solcaravan.es\/hu\/blog\/\",\"url\":\"https:\/\/solcaravan.es\/hu\/blog\/\",\"name\":\"Lak\u00f3aut\u00f3s utaz\u00e1si tippek \u00e9s \u00fatvonalak | Sol Caravan Blog\",\"isPartOf\":{\"@id\":\"https:\/\/solcaravan.es\/hu\/#website\"},\"datePublished\":\"2021-11-28T13:36:34+00:00\",\"dateModified\":\"2025-06-15T13:17:20+00:00\",\"description\":\"Mer\u00edts \u00f6tletet a k\u00f6vetkez\u0151 utadhoz Olvasd el leg\u00fajabb lak\u00f3aut\u00f3s utaz\u00e1si tippjeinket, \u00fatvonal aj\u00e1nl\u00e1sainkat \u00e9s inspir\u00e1ci\u00f3s blogcikkeinket, hogy a legt\u00f6bbet hozd ki az utadb\u00f3l!\",\"breadcrumb\":{\"@id\":\"https:\/\/solcaravan.es\/hu\/blog\/#breadcrumb\"},\"inLanguage\":\"hu\",\"potentialAction\":[{\"@type\":\"ReadAction\",\"target\":[\"https:\/\/solcaravan.es\/hu\/blog\/\"]}]},{\"@type\":\"BreadcrumbList\",\"@id\":\"https:\/\/solcaravan.es\/hu\/blog\/#breadcrumb\",\"itemListElement\":[{\"@type\":\"ListItem\",\"position\":1,\"name\":\"Home\",\"item\":\"https:\/\/solcaravan.es\/hu\/\"},{\"@type\":\"ListItem\",\"position\":2,\"name\":\"Blog\"}]},{\"@type\":\"WebSite\",\"@id\":\"https:\/\/solcaravan.es\/hu\/#website\",\"url\":\"https:\/\/solcaravan.es\/hu\/\",\"name\":\"solcaravan.es\",\"description\":\"\",\"publisher\":{\"@id\":\"https:\/\/solcaravan.es\/hu\/#organization\"},\"potentialAction\":[{\"@type\":\"SearchAction\",\"target\":{\"@type\":\"EntryPoint\",\"urlTemplate\":\"https:\/\/solcaravan.es\/hu\/?s={search_term_string}\"},\"query-input\":{\"@type\":\"PropertyValueSpecification\",\"valueRequired\":true,\"valueName\":\"search_term_string\"}}],\"inLanguage\":\"hu\"},{\"@type\":\"Organization\",\"@id\":\"https:\/\/solcaravan.es\/hu\/#organization\",\"name\":\"Sol Caravan - Campervan Rental M\u00e1laga\",\"url\":\"https:\/\/solcaravan.es\/hu\/\",\"logo\":{\"@type\":\"ImageObject\",\"inLanguage\":\"hu\",\"@id\":\"https:\/\/solcaravan.es\/hu\/#\/schema\/logo\/image\/\",\"url\":\"https:\/\/solcaravan.es\/wp-content\/uploads\/2024\/10\/SOLCaravan-2.png\",\"contentUrl\":\"https:\/\/solcaravan.es\/wp-content\/uploads\/2024\/10\/SOLCaravan-2.png\",\"width\":500,\"height\":500,\"caption\":\"Sol Caravan - Campervan Rental M\u00e1laga\"},\"image\":{\"@id\":\"https:\/\/solcaravan.es\/hu\/#\/schema\/logo\/image\/\"},\"sameAs\":[\"https:\/\/www.facebook.com\/costadelsolcaravan\",\"https:\/\/www.instagram.com\/solcaravan\",\"https:\/\/www.tiktok.com\/@solcaravan.malaga\"]}]}<\/script>\n<!-- \/ Yoast SEO plugin. -->","yoast_head_json":{"title":"Lak\u00f3aut\u00f3s utaz\u00e1si tippek \u00e9s \u00fatvonalak | Sol Caravan Blog","description":"Mer\u00edts \u00f6tletet a k\u00f6vetkez\u0151 utadhoz Olvasd el leg\u00fajabb lak\u00f3aut\u00f3s utaz\u00e1si tippjeinket, \u00fatvonal aj\u00e1nl\u00e1sainkat \u00e9s inspir\u00e1ci\u00f3s blogcikkeinket, hogy a legt\u00f6bbet hozd ki az utadb\u00f3l!","robots":{"index":"index","follow":"follow","max-snippet":"max-snippet:-1","max-image-preview":"max-image-preview:large","max-video-preview":"max-video-preview:-1"},"canonical":"https:\/\/solcaravan.es\/hu\/blog\/","og_locale":"hu_HU","og_type":"article","og_title":"Lak\u00f3aut\u00f3s utaz\u00e1si tippek \u00e9s \u00fatvonalak | Sol Caravan Blog","og_description":"Mer\u00edts \u00f6tletet a k\u00f6vetkez\u0151 utadhoz Olvasd el leg\u00fajabb lak\u00f3aut\u00f3s utaz\u00e1si tippjeinket, \u00fatvonal aj\u00e1nl\u00e1sainkat \u00e9s inspir\u00e1ci\u00f3s blogcikkeinket, hogy a legt\u00f6bbet hozd ki az utadb\u00f3l!","og_url":"https:\/\/solcaravan.es\/hu\/blog\/","og_site_name":"solcaravan.es","article_publisher":"https:\/\/www.facebook.com\/costadelsolcaravan","article_modified_time":"2025-06-15T13:17:20+00:00","twitter_card":"summary_large_image","twitter_misc":{"Becs\u00fclt olvas\u00e1si id\u0151":"1 perc"},"schema":{"@context":"https:\/\/schema.org","@graph":[{"@type":"WebPage","@id":"https:\/\/solcaravan.es\/hu\/blog\/","url":"https:\/\/solcaravan.es\/hu\/blog\/","name":"Lak\u00f3aut\u00f3s utaz\u00e1si tippek \u00e9s \u00fatvonalak | Sol Caravan Blog","isPartOf":{"@id":"https:\/\/solcaravan.es\/hu\/#website"},"datePublished":"2021-11-28T13:36:34+00:00","dateModified":"2025-06-15T13:17:20+00:00","description":"Mer\u00edts \u00f6tletet a k\u00f6vetkez\u0151 utadhoz Olvasd el leg\u00fajabb lak\u00f3aut\u00f3s utaz\u00e1si tippjeinket, \u00fatvonal aj\u00e1nl\u00e1sainkat \u00e9s inspir\u00e1ci\u00f3s blogcikkeinket, hogy a legt\u00f6bbet hozd ki az utadb\u00f3l!","breadcrumb":{"@id":"https:\/\/solcaravan.es\/hu\/blog\/#breadcrumb"},"inLanguage":"hu","potentialAction":[{"@type":"ReadAction","target":["https:\/\/solcaravan.es\/hu\/blog\/"]}]},{"@type":"BreadcrumbList","@id":"https:\/\/solcaravan.es\/hu\/blog\/#breadcrumb","itemListElement":[{"@type":"ListItem","position":1,"name":"Home","item":"https:\/\/solcaravan.es\/hu\/"},{"@type":"ListItem","position":2,"name":"Blog"}]},{"@type":"WebSite","@id":"https:\/\/solcaravan.es\/hu\/#website","url":"https:\/\/solcaravan.es\/hu\/","name":"solcaravan.es","description":"","publisher":{"@id":"https:\/\/solcaravan.es\/hu\/#organization"},"potentialAction":[{"@type":"SearchAction","target":{"@type":"EntryPoint","urlTemplate":"https:\/\/solcaravan.es\/hu\/?s={search_term_string}"},"query-input":{"@type":"PropertyValueSpecification","valueRequired":true,"valueName":"search_term_string"}}],"inLanguage":"hu"},{"@type":"Organization","@id":"https:\/\/solcaravan.es\/hu\/#organization","name":"Sol Caravan - Campervan Rental M\u00e1laga","url":"https:\/\/solcaravan.es\/hu\/","logo":{"@type":"ImageObject","inLanguage":"hu","@id":"https:\/\/solcaravan.es\/hu\/#\/schema\/logo\/image\/","url":"https:\/\/solcaravan.es\/wp-content\/uploads\/2024\/10\/SOLCaravan-2.png","contentUrl":"https:\/\/solcaravan.es\/wp-content\/uploads\/2024\/10\/SOLCaravan-2.png","width":500,"height":500,"caption":"Sol Caravan - Campervan Rental M\u00e1laga"},"image":{"@id":"https:\/\/solcaravan.es\/hu\/#\/schema\/logo\/image\/"},"sameAs":["https:\/\/www.facebook.com\/costadelsolcaravan","https:\/\/www.instagram.com\/solcaravan","https:\/\/www.tiktok.com\/@solcaravan.malaga"]}]}},"_links":{"self":[{"href":"https:\/\/solcaravan.es\/hu\/wp-json\/wp\/v2\/pages\/1329"}],"collection":[{"href":"https:\/\/solcaravan.es\/hu\/wp-json\/wp\/v2\/pages"}],"about":[{"href":"https:\/\/solcaravan.es\/hu\/wp-json\/wp\/v2\/types\/page"}],"author":[{"embeddable":true,"href":"https:\/\/solcaravan.es\/hu\/wp-json\/wp\/v2\/users\/1"}],"replies":[{"embeddable":true,"href":"https:\/\/solcaravan.es\/hu\/wp-json\/wp\/v2\/comments?post=1329"}],"version-history":[{"count":7,"href":"https:\/\/solcaravan.es\/hu\/wp-json\/wp\/v2\/pages\/1329\/revisions"}],"predecessor-version":[{"id":2114,"href":"https:\/\/solcaravan.es\/hu\/wp-json\/wp\/v2\/pages\/1329\/revisions\/2114"}],"wp:attachment":[{"href":"https:\/\/solcaravan.es\/hu\/wp-json\/wp\/v2\/media?parent=1329"}],"curies":[{"name":"wp","href":"https:\/\/api.w.org\/{rel}","templated":true}]}}