{"id":1330,"date":"2021-11-28T13:36:34","date_gmt":"2021-11-28T13:36:34","guid":{"rendered":"https:\/\/solcaravan.es\/blog\/"},"modified":"2025-03-22T18:06:37","modified_gmt":"2025-03-22T18:06:37","slug":"blog","status":"publish","type":"page","link":"https:\/\/solcaravan.es\/es\/blog\/","title":{"rendered":"Blog"},"content":{"rendered":"<section class=\"l-section wpb_row height_custom\"><div class=\"l-section-h i-cf\"><div class=\"g-cols vc_row via_grid cols_1 laptops-cols_inherit tablets-cols_inherit mobiles-cols_1 valign_top type_default stacking_default\"><div class=\"wpb_column vc_column_container\"><div class=\"vc_column-inner\"><div class=\"w-separator us_custom_149f8bc0 us_animate_this size_medium\"><\/div><h1 class=\"w-text us_custom_3a518cd2\"><span class=\"w-text-h\"><span class=\"w-text-value\">Art\u00edculos interesantes<\/span><\/span><\/h1><div class=\"w-grid us_post_list us_custom_f0960ec5 type_grid layout_609 cols_3 preload_style_spinner with_css_animation\" id=\"us_post_list_fd50\" style=\"--columns:3;--gap:2rem;\"><style>@media (max-width:1024px){#us_post_list_fd50{--columns:2!important}}@media (max-width:600px){#us_post_list_fd50{--columns:1!important}}.layout_609 .w-grid-item-h{}.layout_609 .usg_post_title_1{font-family:var(--h1-font-family)!important;font-weight:500!important;font-size:30px!important;line-height:1.2!important;margin-top:30px!important}.layout_609 .usg_post_content_1{margin-top:30px!important}.layout_609 .usg_btn_1{margin-top:40px!important}<\/style><div class=\"w-grid-list\">\t<article class=\"w-grid-item us_animate_afl size_1x1 post-1338 post type-post status-publish format-standard has-post-thumbnail hentry category-sin-categoria\" data-id=\"1338\" style=\"animation-delay:0s\">\r\n\t\t<div class=\"w-grid-item-h\">\r\n\t\t\t\t\t\t<div class=\"w-post-elm post_image usg_post_image_1 has_ratio\"><a href=\"https:\/\/solcaravan.es\/es\/essential-campervan-rules-and-restrictions-for-traveling-in-spain\/\" aria-label=\"Gu\u00eda Actualizada 2026: Reglas y Normativas para Viajar en Camper por Espa\u00f1a\"><img loading=\"lazy\" decoding=\"async\" width=\"1024\" height=\"672\" src=\"https:\/\/solcaravan.es\/wp-content\/uploads\/2024\/11\/parking.regulation.van_-1024x672.png\" class=\"attachment-large size-large wp-post-image\" alt=\"\" \/><\/a><div style=\"padding-bottom:42.8571%\"><\/div><\/div><h3 class=\"w-post-elm post_title usg_post_title_1 entry-title color_link_inherit\"><a href=\"https:\/\/solcaravan.es\/es\/essential-campervan-rules-and-restrictions-for-traveling-in-spain\/\">Gu\u00eda Actualizada 2026: Reglas y Normativas para Viajar en Camper por Espa\u00f1a<\/a><\/h3><div class=\"w-post-elm post_content usg_post_content_1\">Viajar por Espa\u00f1a en furgoneta camper o autocaravana sigue siendo una de las mejores formas de explorar el pa\u00eds. Sin embargo, en 2026, la vigilancia se&hellip;<\/div><a class=\"w-btn us-btn-style_21 usg_btn_1\" href=\"https:\/\/solcaravan.es\/es\/essential-campervan-rules-and-restrictions-for-traveling-in-spain\/\"><span class=\"w-btn-label\">Read more<\/span><\/a>\t\t<\/div>\r\n\t\t\t<\/article>\r\n\t<article class=\"w-grid-item us_animate_afl size_1x1 post-1340 post type-post status-publish format-standard has-post-thumbnail hentry category-sin-categoria\" data-id=\"1340\" style=\"animation-delay:0.1s\">\r\n\t\t<div class=\"w-grid-item-h\">\r\n\t\t\t\t\t\t<div class=\"w-post-elm post_image usg_post_image_1 has_ratio\"><a href=\"https:\/\/solcaravan.es\/es\/why-renting-a-campervan\/\" aria-label=\"Por qu\u00e9 alquilar una autocaravana es la mejor forma de explorar\"><img loading=\"lazy\" decoding=\"async\" width=\"1024\" height=\"672\" src=\"https:\/\/solcaravan.es\/wp-content\/uploads\/2024\/10\/breakfastbythebeach2-1024x672.png\" class=\"attachment-large size-large wp-post-image\" alt=\"\" \/><\/a><div style=\"padding-bottom:42.8571%\"><\/div><\/div><h3 class=\"w-post-elm post_title usg_post_title_1 entry-title color_link_inherit\"><a href=\"https:\/\/solcaravan.es\/es\/why-renting-a-campervan\/\">Por qu\u00e9 alquilar una autocaravana es la mejor forma de explorar<\/a><\/h3><div class=\"w-post-elm post_content usg_post_content_1\">La Costa del Sol es uno de los destinos m\u00e1s emblem\u00e1ticos de Espa\u00f1a, conocido por su sol interminable, sus hermosas playas y su rica cultura. Pero&hellip;<\/div><a class=\"w-btn us-btn-style_21 usg_btn_1\" href=\"https:\/\/solcaravan.es\/es\/why-renting-a-campervan\/\"><span class=\"w-btn-label\">Read more<\/span><\/a>\t\t<\/div>\r\n\t\t\t<\/article>\r\n<\/div><div class=\"g-loadmore hidden\"><div class=\"g-preloader type_1\"><div><\/div><\/div><\/div><div class=\"w-grid-list-json hidden\" onclick='return {&quot;max_num_pages&quot;:0,&quot;paginationBase&quot;:&quot;page&quot;,&quot;pagination&quot;:&quot;none&quot;,&quot;paged&quot;:1,&quot;ajaxData&quot;:{&quot;action&quot;:&quot;us_ajax_post_list&quot;,&quot;meta_type&quot;:&quot;post&quot;,&quot;object_id&quot;:0,&quot;template_vars&quot;:{&quot;shortcode_base&quot;:&quot;us_post_list&quot;,&quot;paged&quot;:1,&quot;max_num_pages&quot;:0,&quot;no_results&quot;:false,&quot;us_post_content_design_css&quot;:[],&quot;found_posts&quot;:0,&quot;items_count&quot;:2,&quot;source&quot;:&quot;all&quot;,&quot;ids&quot;:&quot;&quot;,&quot;post_type&quot;:&quot;post&quot;,&quot;attachment_ids&quot;:null,&quot;include_post_thumbnail&quot;:0,&quot;post_author&quot;:&quot;any&quot;,&quot;post_author_ids&quot;:&quot;&quot;,&quot;apply_url_params&quot;:0,&quot;exclude_children&quot;:0,&quot;exclude_current_post&quot;:1,&quot;exclude_prev_posts&quot;:0,&quot;enable_items_offset&quot;:0,&quot;items_offset&quot;:&quot;1&quot;,&quot;tax_query_relation&quot;:&quot;none&quot;,&quot;tax_query&quot;:[{&quot;operator&quot;:&quot;IN&quot;,&quot;taxonomy&quot;:&quot;category&quot;,&quot;terms&quot;:&quot;&quot;,&quot;include_children&quot;:0}],&quot;meta_query_relation&quot;:&quot;none&quot;,&quot;meta_query&quot;:[{&quot;key&quot;:&quot;custom_field_name&quot;,&quot;compare&quot;:&quot;=&quot;,&quot;value&quot;:&quot;&quot;}],&quot;orderby&quot;:&quot;date&quot;,&quot;orderby_custom_field&quot;:&quot;&quot;,&quot;orderby_custom_type&quot;:0,&quot;order_invert&quot;:&quot;1&quot;,&quot;show_all&quot;:0,&quot;quantity&quot;:&quot;10&quot;,&quot;posts_per_archive_page&quot;:0,&quot;no_items_action&quot;:&quot;message&quot;,&quot;no_items_message&quot;:&quot;No se han encontrado resultados.&quot;,&quot;no_items_page_block&quot;:&quot;&quot;,&quot;pagination&quot;:&quot;none&quot;,&quot;pagination_style&quot;:&quot;&quot;,&quot;pagination_btn_text&quot;:&quot;Cargar m\\u00e1s&quot;,&quot;pagination_btn_size&quot;:&quot;&quot;,&quot;pagination_btn_style&quot;:&quot;1&quot;,&quot;pagination_btn_fullwidth&quot;:0,&quot;items_layout&quot;:&quot;609&quot;,&quot;type&quot;:&quot;grid&quot;,&quot;items_valign&quot;:0,&quot;ignore_items_size&quot;:0,&quot;columns&quot;:&quot;3&quot;,&quot;items_gap&quot;:&quot;2rem&quot;,&quot;load_animation&quot;:&quot;afl&quot;,&quot;items_preload_style&quot;:&quot;spinner&quot;,&quot;img_size&quot;:&quot;default&quot;,&quot;title_size&quot;:&quot;&quot;,&quot;items_ratio&quot;:&quot;default&quot;,&quot;items_ratio_width&quot;:&quot;21&quot;,&quot;items_ratio_height&quot;:&quot;9&quot;,&quot;overriding_link&quot;:&quot;{\\&quot;url\\&quot;:\\&quot;\\&quot;}&quot;,&quot;popup_page_template&quot;:&quot;0&quot;,&quot;popup_width&quot;:&quot;&quot;,&quot;popup_arrows&quot;:1,&quot;breakpoint_1_width&quot;:&quot;1381px&quot;,&quot;breakpoint_1_cols&quot;:&quot;default&quot;,&quot;breakpoint_1_quantity&quot;:&quot;&quot;,&quot;breakpoint_1_gap&quot;:&quot;&quot;,&quot;breakpoint_2_width&quot;:&quot;1025px&quot;,&quot;breakpoint_2_cols&quot;:&quot;2&quot;,&quot;breakpoint_2_quantity&quot;:&quot;&quot;,&quot;breakpoint_2_gap&quot;:&quot;&quot;,&quot;breakpoint_3_width&quot;:&quot;601px&quot;,&quot;breakpoint_3_cols&quot;:&quot;1&quot;,&quot;breakpoint_3_quantity&quot;:&quot;&quot;,&quot;breakpoint_3_gap&quot;:&quot;&quot;,&quot;conditions_operator&quot;:&quot;always&quot;,&quot;conditions&quot;:[],&quot;css&quot;:&quot;%7B%22default%22%3A%7B%22margin-top%22%3A%223rem%22%7D%2C%22laptops%22%3A%7B%22margin-top%22%3A%221rem%22%7D%2C%22tablets%22%3A%7B%22margin-top%22%3A%221rem%22%7D%2C%22mobiles%22%3A%7B%22margin-top%22%3A%223rem%22%7D%7D&quot;,&quot;el_class&quot;:&quot;&quot;,&quot;el_id&quot;:&quot;&quot;,&quot;enable_custom_html_atts&quot;:0,&quot;custom_html_atts&quot;:null,&quot;hide_on_states&quot;:&quot;&quot;,&quot;hide_for_sticky&quot;:0,&quot;hide_for_not_sticky&quot;:0,&quot;hide_below&quot;:&quot;0px&quot;,&quot;hide_above&quot;:&quot;0px&quot;,&quot;classes&quot;:&quot; us_custom_f0960ec5&quot;,&quot;design_css_class&quot;:&quot;us_custom_f0960ec5&quot;}},&quot;facetedFilter&quot;:[]}'><\/div><\/div><\/div><\/div><\/div><\/div><\/section>\n","protected":false},"excerpt":{"rendered":"","protected":false},"author":1,"featured_media":0,"parent":0,"menu_order":0,"comment_status":"closed","ping_status":"closed","template":"","meta":{"content-type":"","footnotes":""},"class_list":["post-1330","page","type-page","status-publish","hentry"],"yoast_head":"<!-- This site is optimized with the Yoast SEO plugin v25.4 - https:\/\/yoast.com\/wordpress\/plugins\/seo\/ -->\n<title>Consejos para Viajar en Autocaravana \u2013 Blog de Sol Caravan<\/title>\n<meta name=\"description\" content=\"Lee nuestros \u00faltimos consejos de viaje en autocaravana, itinerarios recomendados e inspiraci\u00f3n para aprovechar al m\u00e1ximo tu aventura.\" \/>\n<meta name=\"robots\" content=\"index, follow, max-snippet:-1, max-image-preview:large, max-video-preview:-1\" \/>\n<link rel=\"canonical\" href=\"https:\/\/solcaravan.es\/es\/blog\/\" \/>\n<meta property=\"og:locale\" content=\"es_ES\" \/>\n<meta property=\"og:type\" content=\"article\" \/>\n<meta property=\"og:title\" content=\"Consejos para Viajar en Autocaravana \u2013 Blog de Sol Caravan\" \/>\n<meta property=\"og:description\" content=\"Lee nuestros \u00faltimos consejos de viaje en autocaravana, itinerarios recomendados e inspiraci\u00f3n para aprovechar al m\u00e1ximo tu aventura.\" \/>\n<meta property=\"og:url\" content=\"https:\/\/solcaravan.es\/es\/blog\/\" \/>\n<meta property=\"og:site_name\" content=\"solcaravan.es\" \/>\n<meta property=\"article:publisher\" content=\"https:\/\/www.facebook.com\/costadelsolcaravan\" \/>\n<meta property=\"article:modified_time\" content=\"2025-03-22T18:06:37+00:00\" \/>\n<meta name=\"twitter:card\" content=\"summary_large_image\" \/>\n<meta name=\"twitter:label1\" content=\"Tiempo de lectura\" \/>\n\t<meta name=\"twitter:data1\" content=\"1 minuto\" \/>\n<script type=\"application\/ld+json\" class=\"yoast-schema-graph\">{\"@context\":\"https:\/\/schema.org\",\"@graph\":[{\"@type\":\"WebPage\",\"@id\":\"https:\/\/solcaravan.es\/es\/blog\/\",\"url\":\"https:\/\/solcaravan.es\/es\/blog\/\",\"name\":\"Consejos para Viajar en Autocaravana \u2013 Blog de Sol Caravan\",\"isPartOf\":{\"@id\":\"https:\/\/solcaravan.es\/es\/#website\"},\"datePublished\":\"2021-11-28T13:36:34+00:00\",\"dateModified\":\"2025-03-22T18:06:37+00:00\",\"description\":\"Lee nuestros \u00faltimos consejos de viaje en autocaravana, itinerarios recomendados e inspiraci\u00f3n para aprovechar al m\u00e1ximo tu aventura.\",\"breadcrumb\":{\"@id\":\"https:\/\/solcaravan.es\/es\/blog\/#breadcrumb\"},\"inLanguage\":\"es\",\"potentialAction\":[{\"@type\":\"ReadAction\",\"target\":[\"https:\/\/solcaravan.es\/es\/blog\/\"]}]},{\"@type\":\"BreadcrumbList\",\"@id\":\"https:\/\/solcaravan.es\/es\/blog\/#breadcrumb\",\"itemListElement\":[{\"@type\":\"ListItem\",\"position\":1,\"name\":\"Home\",\"item\":\"https:\/\/solcaravan.es\/es\/hotel\/\"},{\"@type\":\"ListItem\",\"position\":2,\"name\":\"Blog\"}]},{\"@type\":\"WebSite\",\"@id\":\"https:\/\/solcaravan.es\/es\/#website\",\"url\":\"https:\/\/solcaravan.es\/es\/\",\"name\":\"solcaravan.es\",\"description\":\"\",\"publisher\":{\"@id\":\"https:\/\/solcaravan.es\/es\/#organization\"},\"potentialAction\":[{\"@type\":\"SearchAction\",\"target\":{\"@type\":\"EntryPoint\",\"urlTemplate\":\"https:\/\/solcaravan.es\/es\/?s={search_term_string}\"},\"query-input\":{\"@type\":\"PropertyValueSpecification\",\"valueRequired\":true,\"valueName\":\"search_term_string\"}}],\"inLanguage\":\"es\"},{\"@type\":\"Organization\",\"@id\":\"https:\/\/solcaravan.es\/es\/#organization\",\"name\":\"Sol Caravan - Campervan Rental M\u00e1laga\",\"url\":\"https:\/\/solcaravan.es\/es\/\",\"logo\":{\"@type\":\"ImageObject\",\"inLanguage\":\"es\",\"@id\":\"https:\/\/solcaravan.es\/es\/#\/schema\/logo\/image\/\",\"url\":\"https:\/\/solcaravan.es\/wp-content\/uploads\/2024\/10\/SOLCaravan-2.png\",\"contentUrl\":\"https:\/\/solcaravan.es\/wp-content\/uploads\/2024\/10\/SOLCaravan-2.png\",\"width\":500,\"height\":500,\"caption\":\"Sol Caravan - Campervan Rental M\u00e1laga\"},\"image\":{\"@id\":\"https:\/\/solcaravan.es\/es\/#\/schema\/logo\/image\/\"},\"sameAs\":[\"https:\/\/www.facebook.com\/costadelsolcaravan\",\"https:\/\/www.instagram.com\/solcaravan\",\"https:\/\/www.tiktok.com\/@solcaravan.malaga\"]}]}<\/script>\n<!-- \/ Yoast SEO plugin. -->","yoast_head_json":{"title":"Consejos para Viajar en Autocaravana \u2013 Blog de Sol Caravan","description":"Lee nuestros \u00faltimos consejos de viaje en autocaravana, itinerarios recomendados e inspiraci\u00f3n para aprovechar al m\u00e1ximo tu aventura.","robots":{"index":"index","follow":"follow","max-snippet":"max-snippet:-1","max-image-preview":"max-image-preview:large","max-video-preview":"max-video-preview:-1"},"canonical":"https:\/\/solcaravan.es\/es\/blog\/","og_locale":"es_ES","og_type":"article","og_title":"Consejos para Viajar en Autocaravana \u2013 Blog de Sol Caravan","og_description":"Lee nuestros \u00faltimos consejos de viaje en autocaravana, itinerarios recomendados e inspiraci\u00f3n para aprovechar al m\u00e1ximo tu aventura.","og_url":"https:\/\/solcaravan.es\/es\/blog\/","og_site_name":"solcaravan.es","article_publisher":"https:\/\/www.facebook.com\/costadelsolcaravan","article_modified_time":"2025-03-22T18:06:37+00:00","twitter_card":"summary_large_image","twitter_misc":{"Tiempo de lectura":"1 minuto"},"schema":{"@context":"https:\/\/schema.org","@graph":[{"@type":"WebPage","@id":"https:\/\/solcaravan.es\/es\/blog\/","url":"https:\/\/solcaravan.es\/es\/blog\/","name":"Consejos para Viajar en Autocaravana \u2013 Blog de Sol Caravan","isPartOf":{"@id":"https:\/\/solcaravan.es\/es\/#website"},"datePublished":"2021-11-28T13:36:34+00:00","dateModified":"2025-03-22T18:06:37+00:00","description":"Lee nuestros \u00faltimos consejos de viaje en autocaravana, itinerarios recomendados e inspiraci\u00f3n para aprovechar al m\u00e1ximo tu aventura.","breadcrumb":{"@id":"https:\/\/solcaravan.es\/es\/blog\/#breadcrumb"},"inLanguage":"es","potentialAction":[{"@type":"ReadAction","target":["https:\/\/solcaravan.es\/es\/blog\/"]}]},{"@type":"BreadcrumbList","@id":"https:\/\/solcaravan.es\/es\/blog\/#breadcrumb","itemListElement":[{"@type":"ListItem","position":1,"name":"Home","item":"https:\/\/solcaravan.es\/es\/hotel\/"},{"@type":"ListItem","position":2,"name":"Blog"}]},{"@type":"WebSite","@id":"https:\/\/solcaravan.es\/es\/#website","url":"https:\/\/solcaravan.es\/es\/","name":"solcaravan.es","description":"","publisher":{"@id":"https:\/\/solcaravan.es\/es\/#organization"},"potentialAction":[{"@type":"SearchAction","target":{"@type":"EntryPoint","urlTemplate":"https:\/\/solcaravan.es\/es\/?s={search_term_string}"},"query-input":{"@type":"PropertyValueSpecification","valueRequired":true,"valueName":"search_term_string"}}],"inLanguage":"es"},{"@type":"Organization","@id":"https:\/\/solcaravan.es\/es\/#organization","name":"Sol Caravan - Campervan Rental M\u00e1laga","url":"https:\/\/solcaravan.es\/es\/","logo":{"@type":"ImageObject","inLanguage":"es","@id":"https:\/\/solcaravan.es\/es\/#\/schema\/logo\/image\/","url":"https:\/\/solcaravan.es\/wp-content\/uploads\/2024\/10\/SOLCaravan-2.png","contentUrl":"https:\/\/solcaravan.es\/wp-content\/uploads\/2024\/10\/SOLCaravan-2.png","width":500,"height":500,"caption":"Sol Caravan - Campervan Rental M\u00e1laga"},"image":{"@id":"https:\/\/solcaravan.es\/es\/#\/schema\/logo\/image\/"},"sameAs":["https:\/\/www.facebook.com\/costadelsolcaravan","https:\/\/www.instagram.com\/solcaravan","https:\/\/www.tiktok.com\/@solcaravan.malaga"]}]}},"_links":{"self":[{"href":"https:\/\/solcaravan.es\/es\/wp-json\/wp\/v2\/pages\/1330"}],"collection":[{"href":"https:\/\/solcaravan.es\/es\/wp-json\/wp\/v2\/pages"}],"about":[{"href":"https:\/\/solcaravan.es\/es\/wp-json\/wp\/v2\/types\/page"}],"author":[{"embeddable":true,"href":"https:\/\/solcaravan.es\/es\/wp-json\/wp\/v2\/users\/1"}],"replies":[{"embeddable":true,"href":"https:\/\/solcaravan.es\/es\/wp-json\/wp\/v2\/comments?post=1330"}],"version-history":[{"count":5,"href":"https:\/\/solcaravan.es\/es\/wp-json\/wp\/v2\/pages\/1330\/revisions"}],"predecessor-version":[{"id":1581,"href":"https:\/\/solcaravan.es\/es\/wp-json\/wp\/v2\/pages\/1330\/revisions\/1581"}],"wp:attachment":[{"href":"https:\/\/solcaravan.es\/es\/wp-json\/wp\/v2\/media?parent=1330"}],"curies":[{"name":"wp","href":"https:\/\/api.w.org\/{rel}","templated":true}]}}